{"id":45,"date":"2025-08-19T16:56:54","date_gmt":"2025-08-19T14:56:54","guid":{"rendered":"https:\/\/lesliensdemathilde.fr\/?page_id=45"},"modified":"2026-02-02T18:37:41","modified_gmt":"2026-02-02T16:37:41","slug":"services","status":"publish","type":"page","link":"https:\/\/lesliensdemathilde.fr\/index.php\/services\/","title":{"rendered":"Espaces d&rsquo;accompagnement"},"content":{"rendered":"<div class=\"wp-block-image\">\n<figure class=\"alignright size-full is-resized\"><img loading=\"lazy\" decoding=\"async\" width=\"241\" height=\"190\" src=\"https:\/\/lesliensdemathilde.fr\/wp-content\/uploads\/2026\/01\/Capture-decran-2026-01-22-a-23.01.54.png\" alt=\"\" class=\"wp-image-161\" style=\"aspect-ratio:1.2685075385397255;width:174px;height:auto\"\/><\/figure>\n<\/div>\n\n\n<section class=\"wp-block-group alignfull has-text-color\" style=\"color:#010101;margin-top:0px;padding-top:6.01rem;padding-right:1rem;padding-bottom:6rem;padding-left:1rem;font-size:1.13rem;font-style:normal;font-weight:400;line-height:1.4\"><div class=\"wp-block-group__inner-container is-layout-constrained wp-container-core-group-is-layout-f117d537 wp-block-group-is-layout-constrained\">\n<p>Vous pouvez prendre directement rendez-vous sur mon agenda \u00e9lectronique : <a href=\"https:\/\/tidycal.com\/lesliensdemathilde\" data-type=\"link\" data-id=\"https:\/\/tidycal.com\/lesliensdemathilde\">https:\/\/tidycal.com\/lesliensdemathilde<\/a><\/p>\n\n\n\n<p>N&rsquo;h\u00e9sitez pas \u00e0 me contacter pour tout compl\u00e9ment d&rsquo;information ou si besoin d&rsquo;autres cr\u00e9neaux de disponibilit\u00e9s.<\/p>\n\n\n\n<p>Je vous propose un premier appel de 15 minutes afin de faire connaissance et recueillir les attentes de l&rsquo;accompagnement recherch\u00e9.<\/p>\n\n\n\n<p><\/p>\n\n\n\n<hr class=\"wp-block-separator has-alpha-channel-opacity\"\/>\n\n\n\n<p><\/p>\n\n\n\n<div class=\"wp-block-columns is-layout-flex wp-container-core-columns-is-layout-cf5ac4d4 wp-block-columns-is-layout-flex\" style=\"margin-bottom:0px\">\n<div class=\"wp-block-column is-layout-constrained wp-container-core-column-is-layout-99afaaf6 wp-block-column-is-layout-constrained\" style=\"padding-top:0px;padding-bottom:0px;padding-left:0rem\">\n<div class=\"wp-block-group has-text-color has-background is-vertical is-layout-flex wp-container-core-group-is-layout-62ce734f wp-block-group-is-layout-flex\" style=\"color:#010101;background-color:#edf1f2;padding-top:2.01rem;padding-right:1.51rem;padding-bottom:2.01rem;padding-left:1.51rem\">\n<div class=\"wp-block-group is-nowrap is-layout-flex wp-container-core-group-is-layout-b9f74b39 wp-block-group-is-layout-flex\">\n<h3 class=\"wp-block-heading has-text-color has-link-color wp-elements-a00593e2d3ff9bd036c3368c6626b3b3\" style=\"color:#010101;font-size:1.5rem;text-decoration:none\"><a href=\"#\">Relation parents\/enfants<\/a><\/h3>\n<\/div>\n\n\n\n<p class=\"has-text-color\" style=\"color:#010101;margin-top:0rem;margin-bottom:1.01rem;font-size:0.9rem;line-height:1.5\">L&rsquo;objectif est de favoriser l&rsquo;\u00e9coute mutuelle, de r\u00e9duire les incompr\u00e9hensions et de retrouver une communication apais\u00e9e. Je me positionne comme une personne tierce.<\/p>\n\n\n\n<figure class=\"wp-block-image size-full is-resized\"><img loading=\"lazy\" decoding=\"async\" width=\"640\" height=\"425\" src=\"https:\/\/lesliensdemathilde.fr\/wp-content\/uploads\/2025\/08\/hands-6603661_640.jpg\" alt=\"\" class=\"wp-image-84\" style=\"width:284px\" srcset=\"https:\/\/lesliensdemathilde.fr\/wp-content\/uploads\/2025\/08\/hands-6603661_640.jpg 640w, https:\/\/lesliensdemathilde.fr\/wp-content\/uploads\/2025\/08\/hands-6603661_640-300x199.jpg 300w\" sizes=\"auto, (max-width: 640px) 100vw, 640px\" \/><\/figure>\n<\/div>\n\n\n\n<div class=\"wp-block-group has-text-color has-background is-vertical is-layout-flex wp-container-core-group-is-layout-62ce734f wp-block-group-is-layout-flex\" style=\"color:#fffffd;background-color:#528d8e;padding-top:2.01rem;padding-right:1.51rem;padding-bottom:2.01rem;padding-left:1.51rem\">\n<h3 class=\"wp-block-heading has-text-color has-link-color wp-elements-2c8e211e1c0f02ee47b481bbc7251ee3\" style=\"color:#fffffd;font-size:1.3rem;text-decoration:none\"><mark style=\"background-color:rgba(0, 0, 0, 0)\" class=\"has-inline-color has-base-color\"><strong>Gestion des \u00e9motions<\/strong><\/mark><\/h3>\n\n\n\n<p class=\"has-text-color\" style=\"color:#fffffd;margin-top:0rem;margin-bottom:1.01rem;font-size:0.9rem;line-height:1.5\"><mark style=\"background-color:rgba(0, 0, 0, 0)\" class=\"has-inline-color has-base-color\">Tout ce qui ne s&rsquo;exprime pas s&rsquo;imprime. Ensemble, nous allons d\u00e9velopper et exp\u00e9rimenter des outils pour aider \u00e0 mettre des mots sur les \u00e9motions.<\/mark><\/p>\n\n\n\n<figure class=\"wp-block-image size-full\"><img loading=\"lazy\" decoding=\"async\" width=\"276\" height=\"190\" src=\"https:\/\/lesliensdemathilde.fr\/wp-content\/uploads\/2026\/01\/Capture-decran-2026-01-22-a-22.37.01.png\" alt=\"\" class=\"wp-image-156\"\/><\/figure>\n<\/div>\n\n\n\n<div class=\"wp-block-group has-text-color has-background is-vertical is-layout-flex wp-container-core-group-is-layout-62ce734f wp-block-group-is-layout-flex\" style=\"color:#010101;background-color:#edf1f2;padding-top:2.01rem;padding-right:1.51rem;padding-bottom:2.01rem;padding-left:1.51rem\">\n<h3 class=\"wp-block-heading has-text-color has-link-color wp-elements-0fa903091ed2353afd916e0354fa4aa4\" style=\"color:#010101;font-size:1.4rem;text-decoration:none\"><a href=\"#\">Pour les \u00e9tudiants<\/a><\/h3>\n\n\n\n<p class=\"has-text-color\" style=\"color:#010101;margin-top:0rem;margin-bottom:1.01rem;font-size:0.9rem;line-height:1.5\"><p style=\"color: #010101; margin-top: 0rem; margin-bottom: 1.01rem; font-size: 0.9rem; line-height: 1.5;\">Vous souhaitez int\u00e9grer une formation s\u00e9lective et mettre toutes les chances de votre c\u00f4t\u00e9 ? Je vous propose un accompagnement personnalis\u00e9 pour vous pr\u00e9parer efficacement aux \u00e9preuves. De plus, je propose \u00e9galement un accompagnement \u00e0 la pr\u00e9paration de vos certifications et relecture de dossiers.<\/p><\/p>\n\n\n\n<figure class=\"wp-block-image size-full is-resized\"><img decoding=\"async\" src=\"https:\/\/tyler.com\/wp-content\/uploads\/2023\/11\/view-item3.jpg\" alt=\"\" class=\"wp-image-717\" style=\"width:284px\"\/><\/figure>\n<\/div>\n<\/div>\n\n\n\n<div class=\"wp-block-column is-layout-constrained wp-container-core-column-is-layout-99afaaf6 wp-block-column-is-layout-constrained\" style=\"padding-top:0px;padding-bottom:0px;padding-left:0rem\">\n<div class=\"wp-block-group has-text-color has-background is-vertical is-layout-flex wp-container-core-group-is-layout-62ce734f wp-block-group-is-layout-flex\" style=\"color:#fffffd;background-color:#528d8e;padding-top:2.01rem;padding-right:1.51rem;padding-bottom:2.01rem;padding-left:1.51rem\">\n<h3 class=\"wp-block-heading has-text-color has-link-color wp-elements-1ca9772c49480f93a77ba3c59d3abf5f\" style=\"color:#fffffd;font-size:1.3rem;text-decoration:none\">Accompagnemen<a href=\"#\">t troubles DYS, TDA\/H, TSA<\/a><\/h3>\n\n\n\n<p>Ensemble, nous pourrons trouver des strat\u00e9gies sur les domaines de la gestion des \u00e9motions, renforcer la confiance en soi et favoriser la communication en mettant en place des outils adapt\u00e9s en fonctions des capacit\u00e9s.<\/p>\n\n\n\n<figure class=\"wp-block-image size-full is-resized\"><img loading=\"lazy\" decoding=\"async\" width=\"640\" height=\"427\" src=\"https:\/\/lesliensdemathilde.fr\/wp-content\/uploads\/2025\/08\/freedom-4782870_640.jpg\" alt=\"\" class=\"wp-image-86\" style=\"width:284px\" srcset=\"https:\/\/lesliensdemathilde.fr\/wp-content\/uploads\/2025\/08\/freedom-4782870_640.jpg 640w, https:\/\/lesliensdemathilde.fr\/wp-content\/uploads\/2025\/08\/freedom-4782870_640-300x200.jpg 300w\" sizes=\"auto, (max-width: 640px) 100vw, 640px\" \/><\/figure>\n<\/div>\n\n\n\n<div class=\"wp-block-group has-text-color has-background is-vertical is-layout-flex wp-container-core-group-is-layout-62ce734f wp-block-group-is-layout-flex\" style=\"color:#010101;background-color:#edf1f2;padding-top:2.01rem;padding-right:1.51rem;padding-bottom:2.01rem;padding-left:1.51rem\">\n<div class=\"wp-block-group is-nowrap is-layout-flex wp-container-core-group-is-layout-b9f74b39 wp-block-group-is-layout-flex\">\n<h3 class=\"wp-block-heading has-text-color has-link-color wp-elements-7d4a489696d844fc61ca4d6f7a3f1ee6\" style=\"color:#010101;font-size:1.5rem;text-decoration:none\"><a href=\"#\">L&rsquo;orientation professionnelle <\/a><\/h3>\n<\/div>\n\n\n\n<p class=\"has-text-color\" style=\"color:#010101;margin-top:0rem;margin-bottom:1.01rem;font-size:0.9rem;line-height:1.5\"><p style=\"color: #010101; margin-top: 0rem; margin-bottom: 1.01rem; font-size: 0.9rem; line-height: 1.5;\">Cet accompagnement ne se limite pas \u00e0 \u00ab\u00a0choisir un m\u00e9tier\u00a0\u00bb, il s&rsquo;agit de construire un projet r\u00e9aliste, motivant et adapt\u00e9 aux capacit\u00e9s, aux envies et aux valeurs de chacun.<\/p><\/p>\n\n\n\n<figure class=\"wp-block-image size-full is-resized\"><img loading=\"lazy\" decoding=\"async\" width=\"640\" height=\"427\" src=\"https:\/\/lesliensdemathilde.fr\/wp-content\/uploads\/2025\/08\/darts-4610861_640.jpg\" alt=\"\" class=\"wp-image-88\" style=\"width:284px\" srcset=\"https:\/\/lesliensdemathilde.fr\/wp-content\/uploads\/2025\/08\/darts-4610861_640.jpg 640w, https:\/\/lesliensdemathilde.fr\/wp-content\/uploads\/2025\/08\/darts-4610861_640-300x200.jpg 300w\" sizes=\"auto, (max-width: 640px) 100vw, 640px\" \/><\/figure>\n<\/div>\n<\/div>\n\n\n\n<div class=\"wp-block-column is-layout-constrained wp-container-core-column-is-layout-99afaaf6 wp-block-column-is-layout-constrained\" style=\"padding-top:0px;padding-bottom:0px;padding-left:0rem\">\n<div class=\"wp-block-group has-text-color has-background is-vertical is-layout-flex wp-container-core-group-is-layout-62ce734f wp-block-group-is-layout-flex\" style=\"color:#010101;background-color:#edf1f2;padding-top:2.01rem;padding-right:1.51rem;padding-bottom:2.01rem;padding-left:1.51rem\">\n<h3 class=\"wp-block-heading has-text-color has-link-color wp-elements-a80e1d50cad21781836626919bf42cae\" style=\"color:#010101;font-size:1.4rem;text-decoration:none\"><a href=\"#\">Pr\u00e9vention harc\u00e8lement scolaire<\/a><\/h3>\n\n\n\n<p class=\"has-text-color\" style=\"color:#010101;margin-top:0rem;margin-bottom:1.01rem;font-size:0.9rem;line-height:1.5\">Parce que demander de l&rsquo;aide est un acte de courage et que personne ne devrait affronter le harc\u00e8lement en silence, je vous accompagne pour transformer cette \u00e9preuve en un nouveau d\u00e9part.<\/p>\n\n\n\n<figure class=\"wp-block-image size-full is-resized\"><img loading=\"lazy\" decoding=\"async\" width=\"640\" height=\"427\" src=\"https:\/\/lesliensdemathilde.fr\/wp-content\/uploads\/2025\/08\/chalk-4829602_640.jpg\" alt=\"\" class=\"wp-image-87\" style=\"width:284px\" srcset=\"https:\/\/lesliensdemathilde.fr\/wp-content\/uploads\/2025\/08\/chalk-4829602_640.jpg 640w, https:\/\/lesliensdemathilde.fr\/wp-content\/uploads\/2025\/08\/chalk-4829602_640-300x200.jpg 300w\" sizes=\"auto, (max-width: 640px) 100vw, 640px\" \/><\/figure>\n<\/div>\n\n\n\n<div class=\"wp-block-group has-text-color has-background is-vertical is-layout-flex wp-container-core-group-is-layout-62ce734f wp-block-group-is-layout-flex\" style=\"color:#fffffd;background-color:#528d8e;padding-top:2.01rem;padding-right:1.51rem;padding-bottom:2.01rem;padding-left:1.51rem\">\n<h3 class=\"wp-block-heading has-text-color has-link-color wp-elements-b607056ec8acdf7855c3e637c29c77a8\" style=\"color:#fffffd;font-size:1.3rem;text-decoration:none\"><mark style=\"background-color:rgba(0, 0, 0, 0)\" class=\"has-inline-color has-base-color\"><strong>Accompagnement pour les d\u00e9marches administratives<\/strong><\/mark><\/h3>\n\n\n\n<p class=\"has-text-color\" style=\"color:#fffffd;margin-top:0rem;margin-bottom:1.01rem;font-size:0.9rem;line-height:1.5\"><mark style=\"background-color:rgba(0, 0, 0, 0)\" class=\"has-inline-color has-base-color\">Je vous accompagne pas \u00e0 pas pour vous aider \u00e0 comprendre, remplir et suivre les dossiers : CAF, MDPH, mutuelle ou tous autres documents.<\/mark><\/p>\n\n\n\n<figure class=\"wp-block-image size-full is-resized\"><img loading=\"lazy\" decoding=\"async\" width=\"640\" height=\"427\" src=\"https:\/\/lesliensdemathilde.fr\/wp-content\/uploads\/2025\/08\/school-book-1560339_640.jpg\" alt=\"\" class=\"wp-image-89\" style=\"width:284px\" srcset=\"https:\/\/lesliensdemathilde.fr\/wp-content\/uploads\/2025\/08\/school-book-1560339_640.jpg 640w, https:\/\/lesliensdemathilde.fr\/wp-content\/uploads\/2025\/08\/school-book-1560339_640-300x200.jpg 300w\" sizes=\"auto, (max-width: 640px) 100vw, 640px\" \/><\/figure>\n<\/div>\n\n\n\n<div class=\"wp-block-group has-text-color has-background is-vertical is-layout-flex wp-container-core-group-is-layout-62ce734f wp-block-group-is-layout-flex\" style=\"color:#010101;background-color:#edf1f2;padding-top:2.01rem;padding-right:1.51rem;padding-bottom:2.01rem;padding-left:1.51rem\">\n<div class=\"wp-block-group is-nowrap is-layout-flex wp-container-core-group-is-layout-b9f74b39 wp-block-group-is-layout-flex\">\n<h3 class=\"wp-block-heading has-text-color has-link-color wp-elements-6403ae3f9444df546c37a6c9b41ae217\" style=\"color:#010101;font-size:1.5rem;text-decoration:none\">\u00c9coute et soutien \u00e9ducatif<\/h3>\n<\/div>\n\n\n\n<p class=\"has-text-color\" style=\"color:#010101;margin-top:0rem;margin-bottom:1.01rem;font-size:0.9rem;line-height:1.5\">Besoin de parler, de faire le point ou de ne plus rester seul.e avec ce que vous traversez ? Je vous propose un temps d&rsquo;\u00e9change, dans un cadre bienveillant, confidentiel et sans jugement. Il s&rsquo;agit d&rsquo;un espace d&rsquo;\u00e9coute et de parole destin\u00e9 \u00e0 d\u00e9poser ce qui vous p\u00e8se, de mettre des mots sur vos ressentis et de prendre du recul face \u00e0 une situation personnelle, professionnelle, familiale, scolaire ou relationnelle.<\/p>\n\n\n\n<p class=\"has-text-color\" style=\"color:#010101;margin-top:0rem;margin-bottom:1.01rem;font-size:0.9rem;line-height:1.5\">-> Cet accompagnement ne remplace pas un suivi psychologique ou m\u00e9dical. Il ne comprend ni diagnostic, ni th\u00e9rapie. Si n\u00e9cessaire, une orientation vers des professionnels adapt\u00e9s pourra vous \u00eatre propos\u00e9e.<p style=\"color: #010101; margin-top: 0rem; margin-bottom: 1.01rem; font-size: 0.9rem; line-height: 1.5;\"><\/p><\/p>\n\n\n\n<figure class=\"wp-block-image size-full is-resized\"><img loading=\"lazy\" decoding=\"async\" width=\"348\" height=\"234\" src=\"https:\/\/lesliensdemathilde.fr\/wp-content\/uploads\/2026\/01\/Capture-decran-2026-01-22-a-22.55.49.png\" alt=\"\" class=\"wp-image-157\" style=\"width:284px\" srcset=\"https:\/\/lesliensdemathilde.fr\/wp-content\/uploads\/2026\/01\/Capture-decran-2026-01-22-a-22.55.49.png 348w, https:\/\/lesliensdemathilde.fr\/wp-content\/uploads\/2026\/01\/Capture-decran-2026-01-22-a-22.55.49-300x202.png 300w\" sizes=\"auto, (max-width: 348px) 100vw, 348px\" \/><\/figure>\n<\/div>\n<\/div>\n<\/div>\n<\/div><\/section>\n\n\n\n<hr class=\"wp-block-separator has-alpha-channel-opacity\"\/>\n","protected":false},"excerpt":{"rendered":"<p>Vous pouvez prendre directement rendez-vous sur mon agenda \u00e9lectronique : https:\/\/tidycal.com\/lesliensdemathilde N&rsquo;h\u00e9sitez pas \u00e0 me contacter pour tout compl\u00e9ment d&rsquo;information ou si besoin d&rsquo;autres cr\u00e9neaux de disponibilit\u00e9s. Je vous propose un premier appel de 15 minutes afin de faire connaissance et recueillir les attentes de l&rsquo;accompagnement recherch\u00e9. Relation parents\/enfants L&rsquo;objectif est de favoriser l&rsquo;\u00e9coute mutuelle,&#8230;<\/p>\n","protected":false},"author":1,"featured_media":31,"parent":0,"menu_order":0,"comment_status":"closed","ping_status":"closed","template":"","meta":{"_kad_post_transparent":"","_kad_post_title":"","_kad_post_layout":"","_kad_post_sidebar_id":"","_kad_post_content_style":"","_kad_post_vertical_padding":"","_kad_post_feature":"","_kad_post_feature_position":"","_kad_post_header":false,"_kad_post_footer":false,"_kad_post_classname":"","footnotes":""},"class_list":["post-45","page","type-page","status-publish","has-post-thumbnail","hentry"],"_links":{"self":[{"href":"https:\/\/lesliensdemathilde.fr\/index.php\/wp-json\/wp\/v2\/pages\/45","targetHints":{"allow":["GET"]}}],"collection":[{"href":"https:\/\/lesliensdemathilde.fr\/index.php\/wp-json\/wp\/v2\/pages"}],"about":[{"href":"https:\/\/lesliensdemathilde.fr\/index.php\/wp-json\/wp\/v2\/types\/page"}],"author":[{"embeddable":true,"href":"https:\/\/lesliensdemathilde.fr\/index.php\/wp-json\/wp\/v2\/users\/1"}],"replies":[{"embeddable":true,"href":"https:\/\/lesliensdemathilde.fr\/index.php\/wp-json\/wp\/v2\/comments?post=45"}],"version-history":[{"count":23,"href":"https:\/\/lesliensdemathilde.fr\/index.php\/wp-json\/wp\/v2\/pages\/45\/revisions"}],"predecessor-version":[{"id":184,"href":"https:\/\/lesliensdemathilde.fr\/index.php\/wp-json\/wp\/v2\/pages\/45\/revisions\/184"}],"wp:featuredmedia":[{"embeddable":true,"href":"https:\/\/lesliensdemathilde.fr\/index.php\/wp-json\/wp\/v2\/media\/31"}],"wp:attachment":[{"href":"https:\/\/lesliensdemathilde.fr\/index.php\/wp-json\/wp\/v2\/media?parent=45"}],"curies":[{"name":"wp","href":"https:\/\/api.w.org\/{rel}","templated":true}]}}